{"id":154,"date":"2025-03-27T17:01:53","date_gmt":"2025-03-27T16:01:53","guid":{"rendered":"https:\/\/brocante-livre-occasion.com\/?post_type=product&#038;p=154"},"modified":"2025-05-16T12:35:39","modified_gmt":"2025-05-16T10:35:39","slug":"lart-dinfluencer-les-autres","status":"publish","type":"product","link":"http:\/\/brocante-livre-occasion.com\/index.php\/produit\/lart-dinfluencer-les-autres\/","title":{"rendered":"L&rsquo;art d&rsquo;influencer les autres"},"content":{"rendered":"<div>\n<h3 data-spm-anchor-id=\"a2ty_o01.29997173.0.i13.4f8b16f2yIBQdQ\">L&rsquo;importance de l&rsquo;influence dans le d\u00e9veloppement personnel<\/h3>\n<p>L&rsquo;art d&rsquo;influencer les autres repose sur des forces psychiques \u00e0 d\u00e9velopper. Ces forces, lorsqu&rsquo;elles sont ma\u00eetris\u00e9es, permettent d&rsquo;envahir les \u00e2mes l\u00e9g\u00e8res. Un homme influent ne meurt jamais totalement, car son empreinte perdure. Chaque individu est tiraill\u00e9 par des impulsions contraires, ce qui rend l&rsquo;influence encore plus cruciale. Pour r\u00e9ussir, il faut \u00e9veiller en soi les forces endormies. Certaines forces sont per\u00e7ues comme mauvaises, mais elles peuvent \u00eatre disciplin\u00e9es. Dans cette qu\u00eate, l&rsquo;art d&rsquo;influencer les autres devient un outil puissant pour atteindre ses objectifs.<\/p>\n<div class=\"my-2\"><\/div>\n<h3>La persuasion, un art subtile d&rsquo;influence sur les autres<\/h3>\n<p>La persuasion est une composante essentielle de l&rsquo;art d&rsquo;influencer les autres. Elle peut rev\u00eatir des apparences trompeuses, mais elle reste un moyen efficace. Les pessimistes cherchent souvent \u00e0 d\u00e9moraliser, mais la joie de vivre r\u00e9siste m\u00eame aux peines. La neurasth\u00e9nie est souvent li\u00e9e \u00e0 l&rsquo;\u00e9go\u00efsme, et la persuasion de la sant\u00e9 est une panac\u00e9e. Pour convaincre, il faut vaincre la m\u00e9fiance. L&rsquo;art d&rsquo;influencer les autres n\u00e9cessite aussi de savoir rassembler les morceaux d&rsquo;un bonheur bris\u00e9.<\/p>\n<div class=\"my-2\"><\/div>\n<h3>Le r\u00f4le du regard dans la s\u00e9duction<\/h3>\n<p>Le regard bien connu par les s\u00e9ducteurs, vous procure un outil puissant pour obtenir une emprise sur votre communication. Il doit \u00eatre la projection d&rsquo;une pens\u00e9e claire. Un regard bien pr\u00e9par\u00e9 devient redoutable. Des exercices sp\u00e9cifiques aident \u00e0 renforcer sa puissance. L&rsquo;unit\u00e9 de pens\u00e9e est indispensable pour que le regard soit efficace. Exp\u00e9rimenter cette force montre qu&rsquo;un homme avec une volont\u00e9 ferme n&rsquo;a rien \u00e0 craindre. L&rsquo;art d&rsquo;influencer les autres s&rsquo;enracine dans ces pratiques.<\/p>\n<div class=\"my-2\"><\/div>\n<h3>La parole, un art pour toucher les c\u0153urs<\/h3>\n<p>La ma\u00eetrise de la parole se r\u00e9v\u00e8le fondamental pour convaincre. Elle peut semer l&rsquo;ortie ou le froment. Ceux qui savent formuler leurs id\u00e9es en quelques phrases peuvent devenir des leaders. Le peuple suit les appels h\u00e9ro\u00efques et g\u00e9n\u00e9reux. La concision des discours renforce leur impact. L&rsquo;art d&rsquo;influencer les autres repose sur cette capacit\u00e9 \u00e0 toucher les c\u0153urs.<\/p>\n<div class=\"my-2\"><\/div>\n<h3>L&rsquo;exemple pour inspirer<\/h3>\n<p>Donner le bon exemple, moyen central pour diffuser dans votre environnement une aura communicative. L&rsquo;instruction r\u00e9pandue peut \u00eatre dangereuse si elle n&rsquo;est pas bien utilis\u00e9e. L&rsquo;altruisme et la bont\u00e9 amplifient l&rsquo;influence personnelle. L&rsquo;\u00e9mulation na\u00eet dans des milieux o\u00f9 chacun recherche le Mieux. L&rsquo;art d&rsquo;influencer les autres exige de repr\u00e9senter des valeurs nobles.<\/p>\n<div class=\"my-2\"><\/div>\n<h3>La pers\u00e9v\u00e9rance comme cl\u00e9 du succ\u00e8s<\/h3>\n<p>Cultivez la pers\u00e9v\u00e9rance pour atteindre votre objectif d&rsquo;influence. Elle se cultive par des efforts continus et raisonn\u00e9s. Les grandes renomm\u00e9es se forgent lentement gr\u00e2ce \u00e0 cet effort. Sans m\u00e9thode, la volont\u00e9 reste vaine. L&rsquo;art d&rsquo;influencer les autres s&rsquo;appuie sur cette constance.<\/p>\n<div class=\"my-2\"><\/div>\n<h3>La confiance comme fondement<\/h3>\n<p>La confiance, \u00e9l\u00e9ment essentiel influer sur un auditoire. Elle s&rsquo;accompagne de s\u00e9curit\u00e9 dans les jugements et de v\u00e9rit\u00e9 dans les pr\u00e9dictions. Gu\u00e9rir l&rsquo;\u00e2me avant le corps est parfois n\u00e9cessaire. Pour avoir un impact sur les autres, commencez par une confiance en soi in\u00e9branlable.<\/p>\n<div class=\"my-2\"><\/div>\n<h3>La domination comme aboutissement<\/h3>\n<p data-spm-anchor-id=\"a2ty_o01.29997173.0.i14.4f8b16f2yIBQdQ\">Acqu\u00e9rir le pouvoir dominateur est l&rsquo;ultime \u00e9tape de l&rsquo;art d&rsquo;influencer les autres. La ma\u00eetrise de soi pr\u00e9c\u00e8de celle des autres. La gaiet\u00e9 et la volont\u00e9 sont des conditions requises. Cr\u00e9er des disciples d\u00e9vou\u00e9s solidifie l&rsquo;\u0153uvre accomplie.<\/p>\n<\/div>\n","protected":false},"excerpt":{"rendered":"<p>Ce livre explore l&rsquo;art d&rsquo;influencer les autres \u00e0 travers des techniques puissantes : persuasion, regard, parole et confiance.<\/p>\n<p>Il guide pas \u00e0 pas vers une ma\u00eetrise de soi et des relations humaines.<\/p>\n<p>Il offre des exercices pratiques pour d\u00e9velopper votre charisme et votre pouvoir personnel.<\/p>\n<p>Un outil essentiel pour inspirer et convaincre.<\/p>\n<div id=\"wc_task_count_div\" class=\"wc_div_position_south wc_div_theme_dark\" style=\"display: none;\">\n<div class=\"wc_count_row\"><span class=\"wc_row_label\">Words: <\/span><span id=\"wc_word_count\"><\/span><\/div>\n<div class=\"wc_count_row\"><span class=\"wc_row_label\">Characters: <\/span><span id=\"wc_char_count\"><\/span><\/div>\n<\/div>\n<div id=\"wc_task_count_div\" class=\"wc_div_position_south wc_div_theme_dark\">\n<div class=\"wc_count_row\"><span class=\"wc_row_label\">Words: <\/span><span id=\"wc_word_count\"><\/span><\/div>\n<div class=\"wc_count_row\"><span class=\"wc_row_label\">Characters: <\/span><span id=\"wc_char_count\"><\/span><\/div>\n<\/div>\n<div id=\"wc_task_count_div\" class=\"wc_div_position_south wc_div_theme_dark\">\n<div class=\"wc_count_row\"><span class=\"wc_row_label\">Words: <\/span><span id=\"wc_word_count\"><\/span><\/div>\n<div class=\"wc_count_row\"><span class=\"wc_row_label\">Characters: <\/span><span id=\"wc_char_count\"><\/span><\/div>\n<\/div>\n<div id=\"wc_task_count_div\" class=\"wc_div_position_south wc_div_theme_dark\">\n<div class=\"wc_count_row\"><span class=\"wc_row_label\">Words: <\/span><span id=\"wc_word_count\"><\/span><\/div>\n<div class=\"wc_count_row\"><span class=\"wc_row_label\">Characters: <\/span><span id=\"wc_char_count\"><\/span><\/div>\n<\/div>\n","protected":false},"featured_media":155,"comment_status":"open","ping_status":"closed","template":"","meta":[],"product_brand":[],"product_cat":[28,15],"product_tag":[],"class_list":{"0":"post-154","1":"product","2":"type-product","3":"status-publish","4":"has-post-thumbnail","6":"product_cat-developpement-personnel","7":"product_cat-non-classe","9":"first","10":"instock","11":"downloadable","12":"shipping-taxable","13":"purchasable","14":"product-type-simple"},"yoast_head":"<!-- This site is optimized with the Yoast SEO plugin v27.4 - https:\/\/yoast.com\/product\/yoast-seo-wordpress\/ -->\n<title>L&#039;art d&#039;influencer les autres - GINALEX-eBook<\/title>\n<meta name=\"description\" content=\"Livre captivant sur l&#039;art d&#039;influencer les autres, explorant persuasion, confiance et pouvoir personnel pour transformer vos relations et votre vie.\" \/>\n<meta name=\"robots\" content=\"index, follow, max-snippet:-1, max-image-preview:large, max-video-preview:-1\" \/>\n<link rel=\"canonical\" href=\"https:\/\/brocante-livre-occasion.com\/index.php\/produit\/lart-dinfluencer-les-autres\/\" \/>\n<meta property=\"og:locale\" content=\"fr_FR\" \/>\n<meta property=\"og:type\" content=\"article\" \/>\n<meta property=\"og:title\" content=\"L&#039;art d&#039;influencer les autres - GINALEX-eBook\" \/>\n<meta property=\"og:description\" content=\"Livre captivant sur l&#039;art d&#039;influencer les autres, explorant persuasion, confiance et pouvoir personnel pour transformer vos relations et votre vie.\" \/>\n<meta property=\"og:url\" content=\"https:\/\/brocante-livre-occasion.com\/index.php\/produit\/lart-dinfluencer-les-autres\/\" \/>\n<meta property=\"og:site_name\" content=\"GINALEX-eBook\" \/>\n<meta property=\"article:modified_time\" content=\"2025-05-16T10:35:39+00:00\" \/>\n<meta property=\"og:image\" content=\"https:\/\/brocante-livre-occasion.com\/wp-content\/uploads\/2025\/03\/Couverture-Inluencer-les-autres.jpg\" \/>\n\t<meta property=\"og:image:width\" content=\"703\" \/>\n\t<meta property=\"og:image:height\" content=\"914\" \/>\n\t<meta property=\"og:image:type\" content=\"image\/jpeg\" \/>\n<meta name=\"twitter:card\" content=\"summary_large_image\" \/>\n<meta name=\"twitter:label1\" content=\"Dur\u00e9e de lecture estim\u00e9e\" \/>\n\t<meta name=\"twitter:data1\" content=\"3 minutes\" \/>\n<script type=\"application\/ld+json\" class=\"yoast-schema-graph\">{\"@context\":\"https:\\\/\\\/schema.org\",\"@graph\":[{\"@type\":\"WebPage\",\"@id\":\"https:\\\/\\\/brocante-livre-occasion.com\\\/index.php\\\/produit\\\/lart-dinfluencer-les-autres\\\/\",\"url\":\"https:\\\/\\\/brocante-livre-occasion.com\\\/index.php\\\/produit\\\/lart-dinfluencer-les-autres\\\/\",\"name\":\"L'art d'influencer les autres - GINALEX-eBook\",\"isPartOf\":{\"@id\":\"http:\\\/\\\/brocante-livre-occasion.com\\\/#website\"},\"primaryImageOfPage\":{\"@id\":\"https:\\\/\\\/brocante-livre-occasion.com\\\/index.php\\\/produit\\\/lart-dinfluencer-les-autres\\\/#primaryimage\"},\"image\":{\"@id\":\"https:\\\/\\\/brocante-livre-occasion.com\\\/index.php\\\/produit\\\/lart-dinfluencer-les-autres\\\/#primaryimage\"},\"thumbnailUrl\":\"http:\\\/\\\/brocante-livre-occasion.com\\\/wp-content\\\/uploads\\\/2025\\\/03\\\/Couverture-Inluencer-les-autres.jpg\",\"datePublished\":\"2025-03-27T16:01:53+00:00\",\"dateModified\":\"2025-05-16T10:35:39+00:00\",\"description\":\"Livre captivant sur l'art d'influencer les autres, explorant persuasion, confiance et pouvoir personnel pour transformer vos relations et votre vie.\",\"breadcrumb\":{\"@id\":\"https:\\\/\\\/brocante-livre-occasion.com\\\/index.php\\\/produit\\\/lart-dinfluencer-les-autres\\\/#breadcrumb\"},\"inLanguage\":\"fr-FR\",\"potentialAction\":[{\"@type\":\"ReadAction\",\"target\":[\"https:\\\/\\\/brocante-livre-occasion.com\\\/index.php\\\/produit\\\/lart-dinfluencer-les-autres\\\/\"]}]},{\"@type\":\"ImageObject\",\"inLanguage\":\"fr-FR\",\"@id\":\"https:\\\/\\\/brocante-livre-occasion.com\\\/index.php\\\/produit\\\/lart-dinfluencer-les-autres\\\/#primaryimage\",\"url\":\"http:\\\/\\\/brocante-livre-occasion.com\\\/wp-content\\\/uploads\\\/2025\\\/03\\\/Couverture-Inluencer-les-autres.jpg\",\"contentUrl\":\"http:\\\/\\\/brocante-livre-occasion.com\\\/wp-content\\\/uploads\\\/2025\\\/03\\\/Couverture-Inluencer-les-autres.jpg\",\"width\":703,\"height\":914,\"caption\":\"L'art d'inlencer les autres\"},{\"@type\":\"BreadcrumbList\",\"@id\":\"https:\\\/\\\/brocante-livre-occasion.com\\\/index.php\\\/produit\\\/lart-dinfluencer-les-autres\\\/#breadcrumb\",\"itemListElement\":[{\"@type\":\"ListItem\",\"position\":1,\"name\":\"Accueil\",\"item\":\"https:\\\/\\\/brocante-livre-occasion.com\\\/\"},{\"@type\":\"ListItem\",\"position\":2,\"name\":\"Boutique\",\"item\":\"https:\\\/\\\/brocante-livre-occasion.com\\\/\"},{\"@type\":\"ListItem\",\"position\":3,\"name\":\"L&rsquo;art d&rsquo;influencer les autres\"}]},{\"@type\":\"WebSite\",\"@id\":\"http:\\\/\\\/brocante-livre-occasion.com\\\/#website\",\"url\":\"http:\\\/\\\/brocante-livre-occasion.com\\\/\",\"name\":\"GINALEX-eBook\",\"description\":\"Des e-books sur tous les sujets\",\"publisher\":{\"@id\":\"http:\\\/\\\/brocante-livre-occasion.com\\\/#\\\/schema\\\/person\\\/20a9108ad159c420a251732f124ae671\"},\"potentialAction\":[{\"@type\":\"SearchAction\",\"target\":{\"@type\":\"EntryPoint\",\"urlTemplate\":\"http:\\\/\\\/brocante-livre-occasion.com\\\/?s={search_term_string}\"},\"query-input\":{\"@type\":\"PropertyValueSpecification\",\"valueRequired\":true,\"valueName\":\"search_term_string\"}}],\"inLanguage\":\"fr-FR\"},{\"@type\":[\"Person\",\"Organization\"],\"@id\":\"http:\\\/\\\/brocante-livre-occasion.com\\\/#\\\/schema\\\/person\\\/20a9108ad159c420a251732f124ae671\",\"name\":\"Michel Watrin\",\"image\":{\"@type\":\"ImageObject\",\"inLanguage\":\"fr-FR\",\"@id\":\"https:\\\/\\\/brocante-livre-occasion.com\\\/wp-content\\\/uploads\\\/2024\\\/08\\\/favicon.jpg\",\"url\":\"https:\\\/\\\/brocante-livre-occasion.com\\\/wp-content\\\/uploads\\\/2024\\\/08\\\/favicon.jpg\",\"contentUrl\":\"https:\\\/\\\/brocante-livre-occasion.com\\\/wp-content\\\/uploads\\\/2024\\\/08\\\/favicon.jpg\",\"width\":32,\"height\":32,\"caption\":\"Michel Watrin\"},\"logo\":{\"@id\":\"https:\\\/\\\/brocante-livre-occasion.com\\\/wp-content\\\/uploads\\\/2024\\\/08\\\/favicon.jpg\"}}]}<\/script>\n<!-- \/ Yoast SEO plugin. -->","yoast_head_json":{"title":"L'art d'influencer les autres - GINALEX-eBook","description":"Livre captivant sur l'art d'influencer les autres, explorant persuasion, confiance et pouvoir personnel pour transformer vos relations et votre vie.","robots":{"index":"index","follow":"follow","max-snippet":"max-snippet:-1","max-image-preview":"max-image-preview:large","max-video-preview":"max-video-preview:-1"},"canonical":"https:\/\/brocante-livre-occasion.com\/index.php\/produit\/lart-dinfluencer-les-autres\/","og_locale":"fr_FR","og_type":"article","og_title":"L'art d'influencer les autres - GINALEX-eBook","og_description":"Livre captivant sur l'art d'influencer les autres, explorant persuasion, confiance et pouvoir personnel pour transformer vos relations et votre vie.","og_url":"https:\/\/brocante-livre-occasion.com\/index.php\/produit\/lart-dinfluencer-les-autres\/","og_site_name":"GINALEX-eBook","article_modified_time":"2025-05-16T10:35:39+00:00","og_image":[{"width":703,"height":914,"url":"https:\/\/brocante-livre-occasion.com\/wp-content\/uploads\/2025\/03\/Couverture-Inluencer-les-autres.jpg","type":"image\/jpeg"}],"twitter_card":"summary_large_image","twitter_misc":{"Dur\u00e9e de lecture estim\u00e9e":"3 minutes"},"schema":{"@context":"https:\/\/schema.org","@graph":[{"@type":"WebPage","@id":"https:\/\/brocante-livre-occasion.com\/index.php\/produit\/lart-dinfluencer-les-autres\/","url":"https:\/\/brocante-livre-occasion.com\/index.php\/produit\/lart-dinfluencer-les-autres\/","name":"L'art d'influencer les autres - GINALEX-eBook","isPartOf":{"@id":"http:\/\/brocante-livre-occasion.com\/#website"},"primaryImageOfPage":{"@id":"https:\/\/brocante-livre-occasion.com\/index.php\/produit\/lart-dinfluencer-les-autres\/#primaryimage"},"image":{"@id":"https:\/\/brocante-livre-occasion.com\/index.php\/produit\/lart-dinfluencer-les-autres\/#primaryimage"},"thumbnailUrl":"http:\/\/brocante-livre-occasion.com\/wp-content\/uploads\/2025\/03\/Couverture-Inluencer-les-autres.jpg","datePublished":"2025-03-27T16:01:53+00:00","dateModified":"2025-05-16T10:35:39+00:00","description":"Livre captivant sur l'art d'influencer les autres, explorant persuasion, confiance et pouvoir personnel pour transformer vos relations et votre vie.","breadcrumb":{"@id":"https:\/\/brocante-livre-occasion.com\/index.php\/produit\/lart-dinfluencer-les-autres\/#breadcrumb"},"inLanguage":"fr-FR","potentialAction":[{"@type":"ReadAction","target":["https:\/\/brocante-livre-occasion.com\/index.php\/produit\/lart-dinfluencer-les-autres\/"]}]},{"@type":"ImageObject","inLanguage":"fr-FR","@id":"https:\/\/brocante-livre-occasion.com\/index.php\/produit\/lart-dinfluencer-les-autres\/#primaryimage","url":"http:\/\/brocante-livre-occasion.com\/wp-content\/uploads\/2025\/03\/Couverture-Inluencer-les-autres.jpg","contentUrl":"http:\/\/brocante-livre-occasion.com\/wp-content\/uploads\/2025\/03\/Couverture-Inluencer-les-autres.jpg","width":703,"height":914,"caption":"L'art d'inlencer les autres"},{"@type":"BreadcrumbList","@id":"https:\/\/brocante-livre-occasion.com\/index.php\/produit\/lart-dinfluencer-les-autres\/#breadcrumb","itemListElement":[{"@type":"ListItem","position":1,"name":"Accueil","item":"https:\/\/brocante-livre-occasion.com\/"},{"@type":"ListItem","position":2,"name":"Boutique","item":"https:\/\/brocante-livre-occasion.com\/"},{"@type":"ListItem","position":3,"name":"L&rsquo;art d&rsquo;influencer les autres"}]},{"@type":"WebSite","@id":"http:\/\/brocante-livre-occasion.com\/#website","url":"http:\/\/brocante-livre-occasion.com\/","name":"GINALEX-eBook","description":"Des e-books sur tous les sujets","publisher":{"@id":"http:\/\/brocante-livre-occasion.com\/#\/schema\/person\/20a9108ad159c420a251732f124ae671"},"potentialAction":[{"@type":"SearchAction","target":{"@type":"EntryPoint","urlTemplate":"http:\/\/brocante-livre-occasion.com\/?s={search_term_string}"},"query-input":{"@type":"PropertyValueSpecification","valueRequired":true,"valueName":"search_term_string"}}],"inLanguage":"fr-FR"},{"@type":["Person","Organization"],"@id":"http:\/\/brocante-livre-occasion.com\/#\/schema\/person\/20a9108ad159c420a251732f124ae671","name":"Michel Watrin","image":{"@type":"ImageObject","inLanguage":"fr-FR","@id":"https:\/\/brocante-livre-occasion.com\/wp-content\/uploads\/2024\/08\/favicon.jpg","url":"https:\/\/brocante-livre-occasion.com\/wp-content\/uploads\/2024\/08\/favicon.jpg","contentUrl":"https:\/\/brocante-livre-occasion.com\/wp-content\/uploads\/2024\/08\/favicon.jpg","width":32,"height":32,"caption":"Michel Watrin"},"logo":{"@id":"https:\/\/brocante-livre-occasion.com\/wp-content\/uploads\/2024\/08\/favicon.jpg"}}]}},"_links":{"self":[{"href":"http:\/\/brocante-livre-occasion.com\/index.php\/wp-json\/wp\/v2\/product\/154","targetHints":{"allow":["GET"]}}],"collection":[{"href":"http:\/\/brocante-livre-occasion.com\/index.php\/wp-json\/wp\/v2\/product"}],"about":[{"href":"http:\/\/brocante-livre-occasion.com\/index.php\/wp-json\/wp\/v2\/types\/product"}],"replies":[{"embeddable":true,"href":"http:\/\/brocante-livre-occasion.com\/index.php\/wp-json\/wp\/v2\/comments?post=154"}],"wp:featuredmedia":[{"embeddable":true,"href":"http:\/\/brocante-livre-occasion.com\/index.php\/wp-json\/wp\/v2\/media\/155"}],"wp:attachment":[{"href":"http:\/\/brocante-livre-occasion.com\/index.php\/wp-json\/wp\/v2\/media?parent=154"}],"wp:term":[{"taxonomy":"product_brand","embeddable":true,"href":"http:\/\/brocante-livre-occasion.com\/index.php\/wp-json\/wp\/v2\/product_brand?post=154"},{"taxonomy":"product_cat","embeddable":true,"href":"http:\/\/brocante-livre-occasion.com\/index.php\/wp-json\/wp\/v2\/product_cat?post=154"},{"taxonomy":"product_tag","embeddable":true,"href":"http:\/\/brocante-livre-occasion.com\/index.php\/wp-json\/wp\/v2\/product_tag?post=154"}],"curies":[{"name":"wp","href":"https:\/\/api.w.org\/{rel}","templated":true}]}}